{"id":45,"date":"2020-05-28T15:46:34","date_gmt":"2020-05-28T15:46:34","guid":{"rendered":"https:\/\/topring.si\/homepage\/"},"modified":"2026-01-16T14:48:32","modified_gmt":"2026-01-16T14:48:32","slug":"homepage","status":"publish","type":"page","link":"https:\/\/topring.si\/sl\/","title":{"rendered":"Doma\u010da stran"},"content":{"rendered":"<p>[et_pb_section fb_built=&#8221;1&#8243; _builder_version=&#8221;4.4.7&#8243; background_color=&#8221;#f2f2f2&#8243;][et_pb_row _builder_version=&#8221;4.4.7&#8243;][et_pb_column type=&#8221;4_4&#8243; _builder_version=&#8221;4.4.7&#8243;][et_pb_slider arrows_custom_color=&#8221;#000000&#8243; dot_nav_custom_color=&#8221;#000000&#8243; admin_label=&#8221;Slider&#8221; _builder_version=&#8221;4.4.7&#8243; min_height=&#8221;685px&#8221; custom_padding=&#8221;|107px||||&#8221; hover_enabled=&#8221;0&#8243; sticky_enabled=&#8221;0&#8243;][et_pb_slide heading=&#8221;TOP RING&#8221; button_text=&#8221;Start here&#8221; arrows_custom_color=&#8221;#000000&#8243; dot_nav_custom_color=&#8221;#000000&#8243; _builder_version=&#8221;4.4.7&#8243; header_level=&#8221;h1&#8243; header_font=&#8221;|700|||||||&#8221; body_font=&#8221;|600|||||||&#8221; body_font_size=&#8221;26px&#8221; background_color=&#8221;rgba(10,10,10,0.44)&#8221; background_enable_color=&#8221;on&#8221; background_image=&#8221;https:\/\/topring.si\/wp-content\/uploads\/2020\/05\/322-all-colours.jpg&#8221; background_enable_image=&#8221;on&#8221; background_blend=&#8221;overlay&#8221; sticky_transition=&#8221;on&#8221;]<\/p>\n<p>A specialized web shop for Martial arts equipment.<\/p>\n<p>THE SITE IS CURRENTLY UNDER CONSTRUCTION. WELCOME SOON!\u00a0<\/p>\n<p>[\/et_pb_slide][et_pb_slide heading=&#8221;TOP RING&#8221; button_text=&#8221;Start here&#8221; arrows_custom_color=&#8221;#000000&#8243; dot_nav_custom_color=&#8221;#000000&#8243; _builder_version=&#8221;4.4.7&#8243; header_level=&#8221;h1&#8243; header_font=&#8221;|700|||||||&#8221; body_font=&#8221;|600|||||||&#8221; body_font_size=&#8221;26px&#8221; background_color=&#8221;rgba(10,10,10,0.44)&#8221; background_enable_color=&#8221;on&#8221; background_image=&#8221;https:\/\/topring.si\/wp-content\/uploads\/2020\/05\/963-itaki.jpg&#8221; background_enable_image=&#8221;on&#8221; background_blend=&#8221;overlay&#8221; sticky_transition=&#8221;on&#8221;]<\/p>\n<p>A specialized web shop for Martial arts equipment<\/p>\n<p>THE SITE IS CURRENTLY UNDER CONSTRUCTION. WELCOME SOON!<\/p>\n<p>[\/et_pb_slide][et_pb_slide heading=&#8221;TOP RING&#8221; button_text=&#8221;Start here&#8221; arrows_custom_color=&#8221;#000000&#8243; dot_nav_custom_color=&#8221;#000000&#8243; _builder_version=&#8221;4.4.7&#8243; header_level=&#8221;h1&#8243; header_font=&#8221;|700|||||||&#8221; body_font=&#8221;|600|||||||&#8221; body_font_size=&#8221;26px&#8221; background_color=&#8221;rgba(10,10,10,0.44)&#8221; background_enable_color=&#8221;on&#8221; background_image=&#8221;https:\/\/topring.si\/wp-content\/uploads\/2020\/05\/331-Blu.jpg&#8221; background_enable_image=&#8221;on&#8221; background_blend=&#8221;overlay&#8221; sticky_transition=&#8221;on&#8221;]<\/p>\n<p>A specialized web shop for Martial arts equipment<\/p>\n<p>THE SITE IS CURRENTLY UNDER CONSTRUCTION. WELCOME SOON!<\/p>\n<p>[\/et_pb_slide][\/et_pb_slider][\/et_pb_column][\/et_pb_row][\/et_pb_section][et_pb_section fb_built=&#8221;1&#8243; _builder_version=&#8221;4.4.7&#8243;][et_pb_row use_custom_gutter=&#8221;on&#8221; gutter_width=&#8221;4&#8243; make_equal=&#8221;on&#8221; _builder_version=&#8221;4.4.7&#8243; width=&#8221;53%&#8221; width_tablet=&#8221;51%&#8221; width_phone=&#8221;63%&#8221; width_last_edited=&#8221;on|phone&#8221; max_width=&#8221;1531px&#8221; module_alignment=&#8221;center&#8221; min_height=&#8221;1000px&#8221; custom_margin=&#8221;-2px|0px||0px|false|false&#8221; custom_padding=&#8221;13px|0px|13px|0px|true|false&#8221;][et_pb_column type=&#8221;4_4&#8243; _builder_version=&#8221;4.4.7&#8243;][et_pb_text _builder_version=&#8221;4.4.7&#8243; text_font=&#8221;|600|||||||&#8221; text_font_size=&#8221;26px&#8221; text_orientation=&#8221;center&#8221;]<\/p>\n<p>MOST POPULAR PRODUCTS<\/p>\n<p>[\/et_pb_text][et_pb_shop type=&#8221;best_selling&#8221; posts_number=&#8221;9&#8243; columns_number=&#8221;3&#8243; orderby=&#8221;popularity&#8221; sale_badge_color=&#8221;#e09900&#8243; icon_hover_color=&#8221;#2cd319&#8243; _builder_version=&#8221;4.4.7&#8243; price_font=&#8221;|600|||||||&#8221; price_text_color=&#8221;#000000&#8243; sale_badge_text_color=&#8221;#ffffff&#8221; sale_price_text_color=&#8221;#e02b20&#8243; rating_text_color=&#8221;#000000&#8243; rating_font_size=&#8221;0px&#8221; text_orientation=&#8221;center&#8221; module_alignment=&#8221;center&#8221; custom_margin=&#8221;0px|0px||0px|false|false&#8221; custom_padding=&#8221;0px|0px|0px|0px|false|true&#8221;][\/et_pb_shop][\/et_pb_column][\/et_pb_row][\/et_pb_section][et_pb_section fb_built=&#8221;1&#8243; custom_padding_last_edited=&#8221;off|desktop&#8221; admin_label=&#8221;Footer&#8221; _builder_version=&#8221;4.4.7&#8243; background_color=&#8221;#171717&#8243; background_enable_image=&#8221;off&#8221; custom_padding=&#8221;||0px&#8221; custom_padding_tablet=&#8221;0vw||&#8221; custom_padding_phone=&#8221;0vw||&#8221; locked=&#8221;off&#8221;][et_pb_row column_structure=&#8221;1_2,1_2&#8243; custom_padding_last_edited=&#8221;on|phone&#8221; _builder_version=&#8221;4.4.7&#8243; width=&#8221;100%&#8221; max_width=&#8221;100%&#8221; module_alignment=&#8221;right&#8221; custom_margin=&#8221;||&#8221; custom_padding=&#8221;|||10%&#8221; custom_padding_tablet=&#8221;|10%||10%||true&#8221; custom_padding_phone=&#8221;|||&#8221; use_custom_width=&#8221;on&#8221; width_unit=&#8221;off&#8221; custom_width_percent=&#8221;100%&#8221;][et_pb_column type=&#8221;1_2&#8243; _builder_version=&#8221;4.4.7&#8243; custom_padding=&#8221;|||&#8221; custom_padding_phone=&#8221;|||0%&#8221; custom_padding_last_edited=&#8221;off|desktop&#8221; padding_phone=&#8221;|||0%&#8221; padding_last_edited=&#8221;off|desktop&#8221; custom_padding__hover=&#8221;|||&#8221;][et_pb_text _builder_version=&#8221;4.4.7&#8243; text_text_color=&#8221;#c6c6c6&#8243;]<\/p>\n<p>Simon Jan s.p., Rimska c. 77, 3311 \u0160empeter v Savinjski dolini, Slovenia<\/p>\n<p>email: <a href=\"mailto:simon.jan74@gmail.com\">simon.jan74@gmail.com<\/a><\/p>\n<p>cellphone: 00386(0)41365007\u00a0<\/p>\n<p>[\/et_pb_text][\/et_pb_column][et_pb_column type=&#8221;1_2&#8243; _builder_version=&#8221;3.25&#8243; custom_padding=&#8221;|||&#8221; custom_padding__hover=&#8221;|||&#8221;][et_pb_text _builder_version=&#8221;4.4.7&#8243; text_text_color=&#8221;#c6c6c6&#8243; header_text_color=&#8221;#c6c6c6c&#8221;]<\/p>\n<h4><span style=\"color: #ffffff;\">INFORMATIONS<\/span><\/h4>\n<div class='textwidget'>\n<style>.wp-block-columns .wp-block-image img {width: 200px !important; height: 80px !important; object-fit: contain; background: transparent;} .wp-block-columns {align-items: center; display: flex; flex-wrap: wrap;} .wp-block-column {flex: 1; display: flex; justify-content: center; align-items: center; padding: 10px;}<\/style>\n<div class='theme-area-headlines'>\n<h2 class='theme-area-title'>Seri\u00f6se Ghostwriter-Portale f\u00fcr wissenschaftliche Unterst\u00fctzung<\/h2>\n<div class='theme-animated-line'><\/div>\n<\/div>\n<div class='wp-block-columns'>\n<div class='wp-block-column'>\n<div class='wp-block-image'>\n<figure class='aligncenter size-full'><a href='https:\/\/premiumghostwriter.de\/preise\/'><img loading='lazy' width='200' height='80' src='https:\/\/premiumghostwriter.de\/wp-content\/themes\/ghostwriterbillig\/img\/prem-logo.webp' alt='bachelorarbeit schreiben lassen preise' title='Premium Ghostwriter'><\/a><\/figure>\n<\/div>\n<\/div>\n<div class='wp-block-column'>\n<div class='wp-block-image'>\n<figure class='aligncenter size-full'><a href='https:\/\/ghostwriter.com.de\/'><img loading='lazy' width='200' height='80' src='https:\/\/ghostwriter.com.de\/wp-content\/uploads\/2025\/10\/logo_header-300x164.webp' alt='ghostwriter agenturen' title='ghostwriter.com.de'><\/a><\/figure>\n<\/div>\n<\/div>\n<div class='wp-block-column'>\n<div class='wp-block-image'>\n<figure class='aligncenter size-full'><a href='https:\/\/ghostwriter-agentur.de\/diplomarbeit-ghostwriter\/'><img loading='lazy' width='200' height='80' src='https:\/\/ghostwriter-agentur.de\/wp-content\/uploads\/2025\/10\/footer-logo.webp' alt='ghostwriter diplomarbeit' title='Ghostwriter-Agentur'><\/a><\/figure>\n<\/div>\n<\/div>\n<div class='wp-block-column'>\n<div class='wp-block-image'>\n<figure class='aligncenter size-full'><a href='https:\/\/ghostwriting.com.de\/preise\/'><img loading='lazy' width='200' height='80' src='https:\/\/ghostwriting.com.de\/wp-content\/uploads\/2025\/11\/logo.webp' alt='ghostwriting agentur' title='ghostwriting.com.de'><\/a><\/figure>\n<\/div>\n<\/div>\n<\/div>\n<\/div>\n<ul>\n<li><a href=\"https:\/\/www.bebackfist.com\/privacy-policy\/\" title=\"Privacy policy\">Privacy policy<\/a><\/li>\n<li><a href=\"https:\/\/www.bebackfist.com\/terms-and-conditions\/\" title=\"Terms and Conditions\">Terms and Conditions<\/a><\/li>\n<li><a href=\"https:\/\/www.bebackfist.com\/return-policy\/\" title=\"Return Policy\">Return Policy<\/a><\/li>\n<li><a href=\"https:\/\/www.bebackfist.com\/contacts\/\" title=\"Contacts\">Contacts<\/a><\/li>\n<\/ul>\n<p>[\/et_pb_text][\/et_pb_column][\/et_pb_row][\/et_pb_section]<\/p>\n","protected":false},"excerpt":{"rendered":"<p>[et_pb_section fb_built=&#8221;1&#8243; _builder_version=&#8221;4.4.7&#8243; background_color=&#8221;#f2f2f2&#8243;][et_pb_row _builder_version=&#8221;4.4.7&#8243;][et_pb_column type=&#8221;4_4&#8243; _builder_version=&#8221;4.4.7&#8243;][et_pb_slider arrows_custom_color=&#8221;#000000&#8243; dot_nav_custom_color=&#8221;#000000&#8243; admin_label=&#8221;Slider&#8221; _builder_version=&#8221;4.4.7&#8243; min_height=&#8221;685px&#8221; custom_padding=&#8221;|107px||||&#8221; hover_enabled=&#8221;0&#8243; sticky_enabled=&#8221;0&#8243;][et_pb_slide heading=&#8221;TOP RING&#8221; button_text=&#8221;Start here&#8221; arrows_custom_color=&#8221;#000000&#8243; dot_nav_custom_color=&#8221;#000000&#8243; _builder_version=&#8221;4.4.7&#8243; header_level=&#8221;h1&#8243; header_font=&#8221;|700|||||||&#8221; body_font=&#8221;|600|||||||&#8221; body_font_size=&#8221;26px&#8221; background_color=&#8221;rgba(10,10,10,0.44)&#8221; background_enable_color=&#8221;on&#8221; background_image=&#8221;https:\/\/topring.si\/wp-content\/uploads\/2020\/05\/322-all-colours.jpg&#8221; background_enable_image=&#8221;on&#8221; background_blend=&#8221;overlay&#8221; sticky_transition=&#8221;on&#8221;] A specialized web shop for Martial arts equipment. THE SITE IS CURRENTLY UNDER CONSTRUCTION. WELCOME SOON!\u00a0 [\/et_pb_slide][et_pb_slide heading=&#8221;TOP RING&#8221; button_text=&#8221;Start here&#8221; arrows_custom_color=&#8221;#000000&#8243; dot_nav_custom_color=&#8221;#000000&#8243; [&hellip;]<\/p>\n","protected":false},"author":1,"featured_media":0,"parent":0,"menu_order":0,"comment_status":"closed","ping_status":"closed","template":"","meta":{"_et_pb_use_builder":"on","_et_pb_old_content":"<!-- wp:cover {\"url\":\"https:\/\/topring.si\/wp-content\/uploads\/2020\/05\/other-small.jpg\",\"id\":46,\"dimRatio\":0,\"overlayColor\":\"vivid-red\",\"minHeight\":99} -->\n<div class=\"wp-block-cover has-vivid-red-background-color\" style=\"background-image:url(https:\/\/topring.si\/wp-content\/uploads\/2020\/05\/other-small.jpg);min-height:99px\"><div class=\"wp-block-cover__inner-container\"><!-- wp:freeform -->\n<p class=\"has-text-align-center has-large-font-size\">Dobrodo\u0161li. Spletna trgovina je v izgradnji.<\/p>\n<p class=\"has-text-align-center has-large-font-size\">Vljudno vabljeni kmalu!<\/p>\n<!-- \/wp:freeform -->\n\n<!-- wp:paragraph {\"align\":\"center\",\"textColor\":\"white\"} -->\n<p class=\"has-text-color has-text-align-center has-white-color\"><p class=\"has-text-color has-text-align-center\">Write a short welcome message here<\/p><\/p>\n<!-- \/wp:paragraph -->\n\n<!-- wp:button {\"textColor\":\"very-light-gray\",\"customBackgroundColor\":\"#df3434\",\"borderRadius\":6,\"align\":\"center\"} -->\n<div class=\"wp-block-button aligncenter\"><a class=\"wp-block-button__link has-text-color has-very-light-gray-color has-background\" href=\"https:\/\/topring.si\/shop\/\" style=\"background-color:#df3434;border-radius:6px\">Nakupuj<\/a><\/div>\n<!-- \/wp:button --><\/div><\/div>\n<!-- \/wp:cover -->\n\n<!-- wp:heading {\"align\":\"center\",\"level\":3} -->\n<h3 class=\"has-text-align-center\">New Products<\/h3>\n<!-- \/wp:heading -->\n\n<!-- wp:woocommerce\/product-new \/-->\n\n<!-- wp:media-text {\"mediaPosition\":\"right\",\"mediaId\":46,\"mediaType\":\"image\",\"isStackedOnMobile\":false} -->\n<div class=\"wp-block-media-text alignwide has-media-on-the-right\"><figure class=\"wp-block-media-text__media\"><img src=\"https:\/\/topring.si\/wp-content\/uploads\/2020\/05\/other-small.jpg\" alt=\"\" class=\"wp-image-46\"\/><\/figure><div class=\"wp-block-media-text__content\"><!-- wp:paragraph {\"placeholder\":\"Content\u2026\",\"fontSize\":\"large\"} -->\n<p class=\"has-large-font-size\"><\/p>\n<!-- \/wp:paragraph --><\/div><\/div>\n<!-- \/wp:media-text -->\n\n<!-- wp:media-text {\"mediaId\":46,\"mediaType\":\"image\",\"isStackedOnMobile\":false} -->\n<div class=\"wp-block-media-text alignwide\"><figure class=\"wp-block-media-text__media\"><img src=\"https:\/\/topring.si\/wp-content\/uploads\/2020\/05\/other-small.jpg\" alt=\"\" class=\"wp-image-46\"\/><\/figure><div class=\"wp-block-media-text__content\"><!-- wp:paragraph {\"placeholder\":\"Content\u2026\",\"fontSize\":\"large\"} -->\n<p class=\"has-large-font-size\"><\/p>\n<!-- \/wp:paragraph --><\/div><\/div>\n<!-- \/wp:media-text -->\n\n<!-- wp:media-text {\"mediaPosition\":\"right\",\"mediaId\":46,\"mediaType\":\"image\",\"isStackedOnMobile\":false} -->\n<div class=\"wp-block-media-text alignwide has-media-on-the-right\"><figure class=\"wp-block-media-text__media\"><img src=\"https:\/\/topring.si\/wp-content\/uploads\/2020\/05\/other-small.jpg\" alt=\"\" class=\"wp-image-46\"\/><\/figure><div class=\"wp-block-media-text__content\"><!-- wp:paragraph {\"placeholder\":\"Content\u2026\",\"fontSize\":\"large\"} -->\n<p class=\"has-large-font-size\"><\/p>\n<!-- \/wp:paragraph --><\/div><\/div>\n<!-- \/wp:media-text -->\n\n<!-- wp:woocommerce\/featured-product \/-->","_et_gb_content_width":"","_monsterinsights_skip_tracking":false,"_monsterinsights_sitenote_active":false,"_monsterinsights_sitenote_note":"","_monsterinsights_sitenote_category":0,"footnotes":""},"class_list":["post-45","page","type-page","status-publish","hentry"],"aioseo_notices":[],"_links":{"self":[{"href":"https:\/\/topring.si\/sl\/wp-json\/wp\/v2\/pages\/45","targetHints":{"allow":["GET"]}}],"collection":[{"href":"https:\/\/topring.si\/sl\/wp-json\/wp\/v2\/pages"}],"about":[{"href":"https:\/\/topring.si\/sl\/wp-json\/wp\/v2\/types\/page"}],"author":[{"embeddable":true,"href":"https:\/\/topring.si\/sl\/wp-json\/wp\/v2\/users\/1"}],"replies":[{"embeddable":true,"href":"https:\/\/topring.si\/sl\/wp-json\/wp\/v2\/comments?post=45"}],"version-history":[{"count":32,"href":"https:\/\/topring.si\/sl\/wp-json\/wp\/v2\/pages\/45\/revisions"}],"predecessor-version":[{"id":589,"href":"https:\/\/topring.si\/sl\/wp-json\/wp\/v2\/pages\/45\/revisions\/589"}],"wp:attachment":[{"href":"https:\/\/topring.si\/sl\/wp-json\/wp\/v2\/media?parent=45"}],"curies":[{"name":"wp","href":"https:\/\/api.w.org\/{rel}","templated":true}]}}